{"id":2,"date":"2012-09-17T19:42:08","date_gmt":"2012-09-17T19:42:08","guid":{"rendered":"http:\/\/www.comprarespecias.com\/?page_id=2"},"modified":"2021-03-02T12:45:44","modified_gmt":"2021-03-02T11:45:44","slug":"nosotros","status":"publish","type":"page","link":"http:\/\/www.spicescave.com\/blog\/nosotros\/","title":{"rendered":"Nosotros"},"content":{"rendered":"<p>&nbsp;<\/p>\n<div id='gallery-1' class='gallery galleryid-2 gallery-columns-2 gallery-size-thumbnail'><figure class='gallery-item'>\n\t\t\t<div class='gallery-icon landscape'>\n\t\t\t\t<a href='http:\/\/www.spicescave.com\/blog\/nosotros\/sara\/'><img width=\"290\" height=\"290\" src=\"http:\/\/www.spicescave.com\/blog\/wp-content\/uploads\/2012\/09\/sara-290x290.jpg\" class=\"attachment-thumbnail size-thumbnail\" alt=\"\" loading=\"lazy\" aria-describedby=\"gallery-1-4355\" srcset=\"http:\/\/www.spicescave.com\/blog\/wp-content\/uploads\/2012\/09\/sara-290x290.jpg 290w, http:\/\/www.spicescave.com\/blog\/wp-content\/uploads\/2012\/09\/sara-632x632.jpg 632w, http:\/\/www.spicescave.com\/blog\/wp-content\/uploads\/2012\/09\/sara-750x750.jpg 750w, http:\/\/www.spicescave.com\/blog\/wp-content\/uploads\/2012\/09\/sara.jpg 994w\" sizes=\"(max-width: 290px) 100vw, 290px\" \/><\/a>\n\t\t\t<\/div>\n\t\t\t\t<figcaption class='wp-caption-text gallery-caption' id='gallery-1-4355'>\n\t\t\t\tSara\n\t\t\t\t<\/figcaption><\/figure><figure class='gallery-item'>\n\t\t\t<div class='gallery-icon portrait'>\n\t\t\t\t<a href='http:\/\/www.spicescave.com\/blog\/feliz-navidad-2\/daniel_2_bn-2\/'><img width=\"290\" height=\"290\" src=\"http:\/\/www.spicescave.com\/blog\/wp-content\/uploads\/2015\/12\/Daniel_2_BN-290x290.jpg\" class=\"attachment-thumbnail size-thumbnail\" alt=\"\" loading=\"lazy\" aria-describedby=\"gallery-1-2966\" \/><\/a>\n\t\t\t<\/div>\n\t\t\t\t<figcaption class='wp-caption-text gallery-caption' id='gallery-1-2966'>\n\t\t\t\tDaniel\n\t\t\t\t<\/figcaption><\/figure>\n\t\t<\/div>\n\n<p style=\"text-align: justify;\">\u00bfY quienes somos <strong>Nosotros<\/strong>?, pues somos <strong>Sara Blanco<\/strong> y <strong>Daniel San Miguel<\/strong>, somos de Madrid (Espa\u00f1a) y abrimos nuestra web de venta de especias <a title=\"Comprar especias en Spices Cave\" href=\"http:\/\/www.spicescave.com\" target=\"_blank\"><strong>www.spicescave.com<\/strong><\/a> al mundo en el a\u00f1o 2012. Nos gusta viajar y hemos estado en medio mundo conociendo otras culturas y sobre todo otras gastronom\u00edas, lo que nos ha aportado extraordinarias experiencias, enriqueciendo nuestro car\u00e1cter y sobre todo nuestra mesa.<\/p>\n<p style=\"text-align: justify;\">Para nosotros, nuestras familias y nuestros amigos, siempre hay una buena ocasi\u00f3n para juntarnos y comer, y quiz\u00e1s esto fue lo que tras m\u00e1s de 10 a\u00f1os dedicados a la <strong>seguridad inform\u00e1tica<\/strong>, hiciera que nos decidi\u00e9ramos a unir nuestras pasiones, internet, la cocina, la fotograf\u00eda y sobre todo mi pasi\u00f3n por las especias (Sara). Esto unido a la dificultad de encontrar tanto especias de calidad como especias del mundo para preparar los platos que hemos ido aprendiendo o los nuevos que hemos decidido probar, fue lo que nos anim\u00f3 a crear <strong>Spices Cave<\/strong>.<\/p>\n<p><a href=\"http:\/\/www.spicescave.com\/blog\/wp-content\/uploads\/2018\/07\/curry_pakistan.jpg\"><img loading=\"lazy\" class=\"size-full wp-image-4666 aligncenter\" src=\"http:\/\/www.spicescave.com\/blog\/wp-content\/uploads\/2018\/07\/curry_pakistan.jpg\" alt=\"Curry de Pakist\u00e1n\" width=\"600\" height=\"600\" srcset=\"http:\/\/www.spicescave.com\/blog\/wp-content\/uploads\/2018\/07\/curry_pakistan.jpg 600w, http:\/\/www.spicescave.com\/blog\/wp-content\/uploads\/2018\/07\/curry_pakistan-290x290.jpg 290w\" sizes=\"(max-width: 600px) 100vw, 600px\" \/><\/a><\/p>\n<p style=\"text-align: justify;\">Con esas misma actitud y con todo nuestro mejor hacer&nbsp; nace este blog pretendemos informar, dar voz y transmitir toda la informaci\u00f3n, el conocimiento y el cari\u00f1o no solo nuestro, sino de un mont\u00f3n de personas que cada d\u00eda disfrutan de la gastronom\u00eda y que pretendemos acercar este maravilloso mundo a todos vosotros.<\/p>\n<p style=\"text-align: justify;\">Este blog crece con <strong>Spice Cave<\/strong>, si bien pretende ser un foro abierto de opiniones y conocimiento, donde no solo aparezca informaci\u00f3n sobre especias, sino sobre cualquier cosa relacionada con la gastronom\u00eda, la alimentaci\u00f3n, etc., etc, vamos que pretenderemos que no se nos vea mucho el plumero y sobre todo recordaros que un blog se alimenta de comentarios, esperamos estar a la altura, pero solo os pedimos un favor, no dej\u00e9is de suscribiros y de dejar vuestros comentarios que es lo que hace que este blog se mantenga vivo.<\/p>\n<p style=\"text-align: justify;\">Adem\u00e1s desde hace alg\u00fan tiempo tenemos la suerte de contar con la inestimable ayuda de dos grandes amigas y superblogeras de pro como son <strong>Pilar Fonseca<\/strong>, m\u00e1s conocida como <a title=\"Mam\u00e1s Full time\" href=\"http:\/\/www.mamasfulltime.com\/\" target=\"_blank\"><em>Mam\u00e1s Full Time<\/em><\/a><em> y <\/em><strong>Ner<\/strong><strong>ea Barrutia<\/strong><em> o <\/em><a title=\"Peineta, Pintxos y mi monillo\" href=\"http:\/\/www.peinetapintxos.com\/\" target=\"_blank\"><em>Peineta, pintxos y mi monillo<\/em><\/a><em>. <\/em>La ultima incorporaci\u00f3n de personajes ilustres a este vuestro blog no es ni m\u00e1s ni menos que el <em>&#8220;<strong>Gatete Cocinillas<\/strong>&#8220;<\/em>, quien con sus 9 a\u00f1os se ha convertido en nuestro experto en recetas infantiles y que con su alegr\u00eda y desparpajo espero que os hagan disfrutar de la cocina con los m\u00e1s peque\u00f1os de vuestra casa.<\/p>\n<p style=\"text-align: justify;\">&nbsp;<\/p>\n<div id='gallery-2' class='gallery galleryid-2 gallery-columns-3 gallery-size-thumbnail'><figure class='gallery-item'>\n\t\t\t<div class='gallery-icon landscape'>\n\t\t\t\t<a href='http:\/\/www.spicescave.com\/blog\/feliz-navidad-2\/pilar\/'><img width=\"290\" height=\"290\" src=\"http:\/\/www.spicescave.com\/blog\/wp-content\/uploads\/2015\/12\/Pilar-290x290.jpg\" class=\"attachment-thumbnail size-thumbnail\" alt=\"\" loading=\"lazy\" aria-describedby=\"gallery-2-2967\" srcset=\"http:\/\/www.spicescave.com\/blog\/wp-content\/uploads\/2015\/12\/Pilar-290x290.jpg 290w, http:\/\/www.spicescave.com\/blog\/wp-content\/uploads\/2015\/12\/Pilar-632x632.jpg 632w, http:\/\/www.spicescave.com\/blog\/wp-content\/uploads\/2015\/12\/Pilar-750x750.jpg 750w, http:\/\/www.spicescave.com\/blog\/wp-content\/uploads\/2015\/12\/Pilar.jpg 918w\" sizes=\"(max-width: 290px) 100vw, 290px\" \/><\/a>\n\t\t\t<\/div>\n\t\t\t\t<figcaption class='wp-caption-text gallery-caption' id='gallery-2-2967'>\n\t\t\t\tPilar\n\t\t\t\t<\/figcaption><\/figure><figure class='gallery-item'>\n\t\t\t<div class='gallery-icon landscape'>\n\t\t\t\t<a href='http:\/\/www.spicescave.com\/blog\/feliz-navidad-2\/nerea\/'><img width=\"290\" height=\"290\" src=\"http:\/\/www.spicescave.com\/blog\/wp-content\/uploads\/2015\/12\/nerea-290x290.jpg\" class=\"attachment-thumbnail size-thumbnail\" alt=\"\" loading=\"lazy\" aria-describedby=\"gallery-2-2968\" srcset=\"http:\/\/www.spicescave.com\/blog\/wp-content\/uploads\/2015\/12\/nerea-290x290.jpg 290w, http:\/\/www.spicescave.com\/blog\/wp-content\/uploads\/2015\/12\/nerea.jpg 552w\" sizes=\"(max-width: 290px) 100vw, 290px\" \/><\/a>\n\t\t\t<\/div>\n\t\t\t\t<figcaption class='wp-caption-text gallery-caption' id='gallery-2-2968'>\n\t\t\t\tNerea\n\t\t\t\t<\/figcaption><\/figure><figure class='gallery-item'>\n\t\t\t<div class='gallery-icon portrait'>\n\t\t\t\t<a href='http:\/\/www.spicescave.com\/blog\/nosotros\/el_gatete_cocinillas_bn\/'><img width=\"290\" height=\"290\" src=\"http:\/\/www.spicescave.com\/blog\/wp-content\/uploads\/2012\/09\/El_Gatete_Cocinillas_bn-290x290.png\" class=\"attachment-thumbnail size-thumbnail\" alt=\"El Gatete Cocinillas\" loading=\"lazy\" aria-describedby=\"gallery-2-4975\" srcset=\"http:\/\/www.spicescave.com\/blog\/wp-content\/uploads\/2012\/09\/El_Gatete_Cocinillas_bn-290x290.png 290w, http:\/\/www.spicescave.com\/blog\/wp-content\/uploads\/2012\/09\/El_Gatete_Cocinillas_bn.png 601w\" sizes=\"(max-width: 290px) 100vw, 290px\" \/><\/a>\n\t\t\t<\/div>\n\t\t\t\t<figcaption class='wp-caption-text gallery-caption' id='gallery-2-4975'>\n\t\t\t\tEl Gatete Cocinillas\n\t\t\t\t<\/figcaption><\/figure>\n\t\t<\/div>\n\n<p style=\"text-align: justify;\"><em>Con todo nuestros cari\u00f1o.<\/em><\/p>\n<p style=\"text-align: justify;\">&nbsp;<\/p>\n","protected":false},"excerpt":{"rendered":"<p>&nbsp; \u00bfY quienes somos Nosotros?, pues somos Sara Blanco y Daniel San Miguel, somos de Madrid (Espa\u00f1a) y abrimos nuestra web de venta de especias www.spicescave.com al mundo en el a\u00f1o 2012. Nos gusta viajar y hemos estado en medio mundo conociendo otras culturas y sobre todo otras gastronom\u00edas, lo que nos ha aportado extraordinarias [&hellip;]<\/p>\n","protected":false},"author":1,"featured_media":0,"parent":0,"menu_order":0,"comment_status":"open","ping_status":"open","template":"","meta":[],"_links":{"self":[{"href":"http:\/\/www.spicescave.com\/blog\/wp-json\/wp\/v2\/pages\/2"}],"collection":[{"href":"http:\/\/www.spicescave.com\/blog\/wp-json\/wp\/v2\/pages"}],"about":[{"href":"http:\/\/www.spicescave.com\/blog\/wp-json\/wp\/v2\/types\/page"}],"author":[{"embeddable":true,"href":"http:\/\/www.spicescave.com\/blog\/wp-json\/wp\/v2\/users\/1"}],"replies":[{"embeddable":true,"href":"http:\/\/www.spicescave.com\/blog\/wp-json\/wp\/v2\/comments?post=2"}],"version-history":[{"count":30,"href":"http:\/\/www.spicescave.com\/blog\/wp-json\/wp\/v2\/pages\/2\/revisions"}],"predecessor-version":[{"id":3044,"href":"http:\/\/www.spicescave.com\/blog\/wp-json\/wp\/v2\/pages\/2\/revisions\/3044"}],"wp:attachment":[{"href":"http:\/\/www.spicescave.com\/blog\/wp-json\/wp\/v2\/media?parent=2"}],"curies":[{"name":"wp","href":"https:\/\/api.w.org\/{rel}","templated":true}]}}